{"id":2297,"date":"2021-11-30T19:11:43","date_gmt":"2021-11-30T19:11:43","guid":{"rendered":"https:\/\/emadridnet.uc3m.es\/?page_id=2297"},"modified":"2021-11-30T19:12:16","modified_gmt":"2021-11-30T19:12:16","slug":"visitors","status":"publish","type":"page","link":"https:\/\/emadridnet.uc3m.es\/en\/visitors\/","title":{"rendered":"Visitors"},"content":{"rendered":"\n[et_pb_section fb_built=&#8221;1&#8243; fullwidth=&#8221;on&#8221; admin_label=&#8221;Header&#8221; _builder_version=&#8221;4.9.4&#8243; background_image=&#8221;https:\/\/storage.googleapis.com\/wp-uploads.bucket.wp.uc3m.es\/wp-content\/uploads\/sites\/40\/2021\/06\/02084601\/pexels-julia-m-cameron-4144294.jpg&#8221; parallax=&#8221;on&#8221; custom_padding=&#8221;|||&#8221; animation_style=&#8221;slide&#8221; animation_direction=&#8221;top&#8221; animation_intensity_slide=&#8221;2%&#8221; link_option_url_new_window=&#8221;on&#8221; global_colors_info=&#8221;{}&#8221; theme_builder_area=&#8221;post_content&#8221;][et_pb_fullwidth_header title=&#8221;Visitors&#8221; subhead=&#8221;List of some of the project&#8217;s visitors&#8221; button_one_url=&#8221;https:\/\/docs.google.com\/forms\/d\/e\/1FAIpQLSelJDv1KKVh6radHnahAkDmbmP__0i2QoT7NpRRfeKDNXCCNQ\/viewform&#8221; background_overlay_color=&#8221;rgba(255,255,255,0.6)&#8221; content_max_width=&#8221;700px&#8221; content_max_width_tablet=&#8221;100%&#8221; content_max_width_phone=&#8221;&#8221; content_max_width_last_edited=&#8221;on|desktop&#8221; _builder_version=&#8221;4.14.1&#8243; title_font=&#8221;Roboto|300|||||||&#8221; title_font_size=&#8221;60px&#8221; title_line_height=&#8221;1.4em&#8221; content_font=&#8221;||||||||&#8221; content_font_size=&#8221;17px&#8221; content_line_height=&#8221;1.9em&#8221; subhead_font=&#8221;|600|||||||&#8221; subhead_font_size=&#8221;20px&#8221; subhead_line_height=&#8221;1.8em&#8221; background_color=&#8221;rgba(76,76,76,0.3)&#8221; background_image=&#8221;https:\/\/storage.googleapis.com\/wp-uploads.bucket.wp.uc3m.es\/wp-content\/uploads\/sites\/40\/2021\/11\/11091944\/meeting-g4163612ab_1280.jpg&#8221; custom_button_one=&#8221;on&#8221; button_one_text_size=&#8221;14px&#8221; button_one_text_color=&#8221;#ffffff&#8221; button_one_bg_color=&#8221;#8300e9&#8243; button_one_bg_color_gradient_start=&#8221;#d883f8&#8243; button_one_bg_color_gradient_end=&#8221;#352DBE&#8221; button_one_bg_color_gradient_direction=&#8221;90deg&#8221; button_one_border_width=&#8221;10px&#8221; button_one_border_color=&#8221;rgba(0,0,0,0)&#8221; button_one_border_radius=&#8221;100px&#8221; button_one_letter_spacing=&#8221;3px&#8221; button_one_font=&#8221;Roboto|700||on|||||&#8221; custom_button_two=&#8221;on&#8221; button_two_text_size=&#8221;14px&#8221; button_two_text_color=&#8221;#ffffff&#8221; button_two_bg_color=&#8221;#06c8ff&#8221; button_two_border_width=&#8221;10px&#8221; button_two_border_color=&#8221;rgba(0,0,0,0)&#8221; button_two_border_radius=&#8221;100px&#8221; button_two_letter_spacing=&#8221;3px&#8221; button_two_font=&#8221;Roboto|700||on|||||&#8221; background_layout=&#8221;light&#8221; custom_margin=&#8221;||||false&#8221; custom_padding=&#8221;12vw||12vw||true&#8221; custom_padding_tablet=&#8221;250px||250px||true&#8221; custom_padding_last_edited=&#8221;off|desktop&#8221; hover_enabled=&#8221;0&#8243; title_font_size_tablet=&#8221;40px&#8221; title_font_size_phone=&#8221;32px&#8221; title_font_size_last_edited=&#8221;on|desktop&#8221; button_one_text_color_hover=&#8221;#ffffff&#8221; button_two_text_color_hover=&#8221;#ffffff&#8221; button_one_letter_spacing_hover=&#8221;3px&#8221; button_two_letter_spacing_hover=&#8221;3px&#8221; global_colors_info=&#8221;{}&#8221; button_one_text_size__hover_enabled=&#8221;off&#8221; button_two_text_size__hover_enabled=&#8221;off&#8221; button_one_text_color__hover_enabled=&#8221;on&#8221; button_one_text_color__hover=&#8221;#ffffff&#8221; button_two_text_color__hover_enabled=&#8221;on&#8221; button_two_text_color__hover=&#8221;#ffffff&#8221; button_one_border_width__hover_enabled=&#8221;off&#8221; button_two_border_width__hover_enabled=&#8221;off&#8221; button_one_border_color__hover_enabled=&#8221;off&#8221; button_two_border_color__hover_enabled=&#8221;off&#8221; button_one_border_radius__hover_enabled=&#8221;off&#8221; button_two_border_radius__hover_enabled=&#8221;off&#8221; button_one_letter_spacing__hover_enabled=&#8221;on&#8221; button_one_letter_spacing__hover=&#8221;3px&#8221; button_two_letter_spacing__hover_enabled=&#8221;on&#8221; button_two_letter_spacing__hover=&#8221;3px&#8221; button_one_bg_color__hover_enabled=&#8221;off&#8221; button_two_bg_color__hover_enabled=&#8221;off&#8221; theme_builder_area=&#8221;post_content&#8221; title_text=&#8221;meeting-g4163612ab_1280&#8243; sticky_enabled=&#8221;0&#8243;][\/et_pb_fullwidth_header][\/et_pb_section][et_pb_section fb_built=&#8221;1&#8243; admin_label=&#8221;Schedule&#8221; _builder_version=&#8221;3.22&#8243; max_width_tablet=&#8221;&#8221; max_width_phone=&#8221;100%&#8221; max_width_last_edited=&#8221;on|phone&#8221; min_height=&#8221;1028.3px&#8221; custom_margin=&#8221;|||&#8221; custom_padding=&#8221;54px|0px|0px|0px|false|false&#8221; global_colors_info=&#8221;{}&#8221; theme_builder_area=&#8221;post_content&#8221;][et_pb_row _builder_version=&#8221;4.9.9&#8243; _module_preset=&#8221;default&#8221; global_colors_info=&#8221;{}&#8221; theme_builder_area=&#8221;post_content&#8221;][et_pb_column type=&#8221;4_4&#8243; _builder_version=&#8221;4.9.9&#8243; _module_preset=&#8221;default&#8221; global_colors_info=&#8221;{}&#8221; theme_builder_area=&#8221;post_content&#8221;][et_pb_text _builder_version=&#8221;4.11.4&#8243; _module_preset=&#8221;default&#8221; global_colors_info=&#8221;{}&#8221; theme_builder_area=&#8221;post_content&#8221;]<ul>\n<li style=\"text-align: justify\">Aguilar Alonso, Igor (Universidad Nacional Mayor de San Marcos -UNMSM- Per\u00fa)<\/li>\n<li style=\"text-align: justify\">Aguilar Tamayo, Manuel Francisco (Universidad Aut\u00f3noma del Estado de Morelos -UAEM- M\u00e9xico)<\/li>\n<li style=\"text-align: justify\">Aleven, Vicent (Carnelly Melon University -CMU- Estados Unidos)<\/li>\n<li style=\"text-align: justify\">Aller Arias, Gonzalo (Makers Kreitek, Espa\u00f1a)\u00a0<\/li>\n<li style=\"text-align: justify\">Alonso Sainz, Tania (Smartick)<\/li>\n<li style=\"text-align: justify\">Amo Filva, Daniel (Escoles Minguella)<\/li>\n<li style=\"text-align: justify\">Arnab, Sylvester (Coventry University, Reino Unido)<\/li>\n<li style=\"text-align: justify\">Bacigalupo, Margherita (Institute for Prospective Technological Studies -IPTS- Comisi\u00f3n Europea)<\/li>\n<li style=\"text-align: justify\">Baker, Ryan Shaun (Columbia University, Estados Unidos)<\/li>\n<li style=\"text-align: justify\">Balderas Alderico, Antonio (Universidad de C\u00e1diz -UCA- Espa\u00f1a)<\/li>\n<li style=\"text-align: justify\">Ben-Bassat Levy, Ronit (Weizmann Institute of Science, Israel)<\/li>\n<li style=\"text-align: justify\">Berry, Miles (University of Roehampton, Reino Unido)<\/li>\n<li style=\"text-align: justify\">Bordies L\u00f3pez, Osmel (Universidad de Valladolid -UVA- Espa\u00f1a)\u00a0\u00a0<\/li>\n<li style=\"text-align: justify\">Botti Navarro, Vicente (Universidad Polit\u00e9cnica de Valencia -UPV- Espa\u00f1a)<\/li>\n<li style=\"text-align: justify\">Brackmann, Christian (Instituto Federal de Educaci\u00f3n, Ciencia y Tecnolog\u00eda -IFFAR- Brasil)<\/li>\n<li style=\"text-align: justify\">Buchen, Ilona (Beutch University of Applied Sciences -UAS- Alemania)<\/li>\n<li style=\"text-align: justify\">Cervera Olivares, David (Consejer\u00eda de Educaci\u00f3n, Juventud y Deportes de la Comunidad de Madrid, Espa\u00f1a)<\/li>\n<li style=\"text-align: justify\">Chac\u00f3n Beltr\u00e1n, Rub\u00e9n (Universidad Nacional de Educaci\u00f3n a Distancia -UNED- Espa\u00f1a)\u00a0<\/li>\n<li style=\"text-align: justify\">Chelli, Raniero (Sophia Consulting &amp; Roma IT)\u00a0<\/li>\n<li style=\"text-align: justify\">Chicaiza Espinosa, Janeth Alexandra (Universidad T\u00e9cnica Particular de Loja -UTPL- Ecuador)<\/li>\n<li style=\"text-align: justify\">Conati, Cristina (University of British Columbia -UBC- Estados Unidos)<\/li>\n<li style=\"text-align: justify\">Cubas Morera, Carlos Luis (Oficina de Cooperaci\u00f3n Universitaria)<\/li>\n<li style=\"text-align: justify\">Dickens, Kate Pen\u00e9lope (University of Southampton, Reino Unido)<\/li>\n<li style=\"text-align: justify\">Dolz Salvador, F\u00e1tima Consuelo (Universidad Mayor de San Andr\u00e9s -UMSA- Bolivia)\u00a0<\/li>\n<li style=\"text-align: justify\">Domingue, John (Open University)\u00a0<\/li>\n<li style=\"text-align: justify\">Donaldo Escudero, Virginia (Gamelearn)<\/li>\n<li style=\"text-align: justify\">Hendrick, Drashler (University of Applied Sciences, Open University)\u00a0\u00a0<\/li>\n<li style=\"text-align: justify\">Du Boulay, John Benedict (University of Sussex, Reino Unido)\u00a0\u00a0<\/li>\n<li style=\"text-align: justify\">Gasevic, Dragan (University of Edinburgh, Escocia)<\/li>\n<li style=\"text-align: justify\">Echevarr\u00eda Rodr\u00edguez, Leovy (Universidad Pontificia Bolivariana -UPB- Colombia)\u00a0<\/li>\n<li style=\"text-align: justify\">Fischer, Frank (Ludwig-Maximiliams Universitar M\u00fcnchen -LMU- Alemania)<\/li>\n<li style=\"text-align: justify\">Garc\u00eda Pe\u00f1alvo, Francisco Jos\u00e9 (Universidad de Salamanca -USAL- Espa\u00f1a)<\/li>\n<li style=\"text-align: justify\">Garc\u00eda San Mart\u00edn, Mar\u00eda Jes\u00fas (Ministerio de Educaci\u00f3n, Cultura y Deporte -MECD- Espa\u00f1a)<\/li>\n<li style=\"text-align: justify\">Garc\u00eda Zubia, Javier (Universidad de Deusto -UD- Espa\u00f1a)<\/li>\n<li style=\"text-align: justify\">Gonz\u00e1lez Naranjo, V\u00edctor (Escuela del Agua)<\/li>\n<li style=\"text-align: justify\">Greller, Wolfgang (Universidad de Educaci\u00f3n de Viena, Austria)<\/li>\n<li style=\"text-align: justify\">Hamonic, Ella (Universit\u00e9 Catholiqu\u00e9 de Louvain -UCL- B\u00e9lgica)<\/li>\n<li style=\"text-align: justify\">Hauff, Claudia (TU Delft, Pa\u00edses Bajos)<\/li>\n<li style=\"text-align: justify\">Hern\u00e1ndez Bravo, \u00c1ngel (IBM)<\/li>\n<li style=\"text-align: justify\">Hern\u00e1ndez-Leo, Davinia (Universitat Pompeu Fabra -UPF- Espa\u00f1a)<\/li>\n<li style=\"text-align: justify\">Huete Franco, Antonio (Libelium, Espa\u00f1a)<\/li>\n<li style=\"text-align: justify\">Iglesias Guzman, Eva Mar\u00eda (Bureau Veritas)<\/li>\n<li style=\"text-align: justify\">I-Han Hsiao, Sharon (Arizona State University -ASU- Estados Unidos)<\/li>\n<li style=\"text-align: justify\">Inamorato Dos Santos, Andreia (IPTS, Comisi\u00f3n Europea)<\/li>\n<li style=\"text-align: justify\">Isotani, Seiji (University of Sao Paulo -USP- Brasil)<\/li>\n<li style=\"text-align: justify\">Jim\u00e9nez Morales, Manel (Universidad Pompeu Fabra -UPF- Espa\u00f1a)<\/li>\n<li style=\"text-align: justify\">Lameras, Petro (Coventry University, Reino Unido)<\/li>\n<li style=\"text-align: justify\">Langmann, Reinhard (University of Applied Sciences -UAS- Alemania)<\/li>\n<li style=\"text-align: justify\">Larios, Marina (INOVA Consulting)<\/li>\n<li style=\"text-align: justify\">Lasala Bello, Mar\u00eda Jos\u00e9 ( Universitat Rovira i Virgili -URV-)\u00a0<\/li>\n<li style=\"text-align: justify\">Lawley, James (Universidad Nacional de Educaci\u00f3n a Distancia -UNED- Espa\u00f1a)<\/li>\n<li style=\"text-align: justify\">Le\u00f3n Urrutia, Manel (University of Southampton, Reino Unido)<\/li>\n<li style=\"text-align: justify\">Llamas Nistal, Mart\u00edn (Universidad de Vigo -UVIGO- Espa\u00f1a)<\/li>\n<li style=\"text-align: justify\">L\u00f3pez Vargas, Jorge (Universidad T\u00e9cnica Particular de Loja -UTPL- Ecuador)<\/li>\n<li style=\"text-align: justify\">Llorens, Fara\u00f3n (Universidad de Alicante, Espa\u00f1a)<\/li>\n<li style=\"text-align: justify\">Mart\u00edn Garijo, Elisa (IBM)<\/li>\n<li style=\"text-align: justify\">Mart\u00ednez Ortiz, Andr\u00e9s Leonardo (Google, Espa\u00f1a)\u00a0<\/li>\n<li style=\"text-align: justify\">Mol, Caroline (edX, Estados Unidos)<\/li>\n<li style=\"text-align: justify\">Moreno Fern\u00e1ndez, Santiago (Fundaci\u00f3n Vodafone Espa\u00f1a)<\/li>\n<li style=\"text-align: justify\">Muntaner Perich, Eduard (Universidad de Girona -UdG- Espa\u00f1a)<\/li>\n<li style=\"text-align: justify\">Nunes Mendes, Antonio Jos\u00e9 (Universida de Co\u00edmbra -UC- Portugal)<\/li>\n<li style=\"text-align: justify\">Piedra Pullaguari, Nelson Oswaldo (Universidad T\u00e9cnica Particular de Loja -UTPL- Ecuador)<\/li>\n<li style=\"text-align: justify\">Pino Urtubia, Jos\u00e9 Alberto (Universidad de Chile -UCh- Chile)<\/li>\n<li style=\"text-align: justify\">Pifarr\u00e9, Manoli (Universitat de Lleida)\u00a0<\/li>\n<li style=\"text-align: justify\">Restivo, Mar\u00eda Teresa (Universidad de Oporto -U.Porto- Portugal)<\/li>\n<li style=\"text-align: justify\">Rodr\u00edguez Borjes, Julio (SESA Sistemas Electr\u00f3nicos -SAL)<\/li>\n<li style=\"text-align: justify\">Rodr\u00edguez de la Heras, Antonio (UC3M)\u00a0<\/li>\n<li style=\"text-align: justify\">Rodr\u00edguez G\u00f3mez, Gregorio (Universidad de C\u00e1diz -UCA- Espa\u00f1a)<\/li>\n<li style=\"text-align: justify\">Rodr\u00edguez, Mercedes (Google Developer Expert -GDE-)\u00a0<\/li>\n<li style=\"text-align: justify\">Romero Morales, Crist\u00f3bal (Universidad de C\u00f3rdoba)\u00a0<\/li>\n<li style=\"text-align: justify\">Ruiz Bueno, Gin\u00e9s (IES Alc\u00e1ntara, Murcia, Espa\u00f1a)\u00a0<\/li>\n<li style=\"text-align: justify\">Ruiz Calleja, Adolfo (Tallinn University -UTL- Estonia)<\/li>\n<li style=\"text-align: justify\">Ruiz Mart\u00edn, H\u00e9ctor (Science Bit)<\/li>\n<li style=\"text-align: justify\">Ruiz Molino, Antonio \u00c1ngel (CEIP Miguel de Cervantes, Espa\u00f1a)\u00a0<\/li>\n<li style=\"text-align: justify\">Saf\u00f3n, Lluis Vicent (Universitat Ram\u00f3n Llull -URL- Espa\u00f1a)<\/li>\n<li style=\"text-align: justify\">Sanmart\u00edn Cid \u00c1lvaro (Udacity, Estados Unidos)<\/li>\n<li style=\"text-align: justify\">Sharma, Kshitij (NTNU, Noruega)\u00a0<\/li>\n<li style=\"text-align: justify\">Schmidt, J. Philipp (MIT Media Lab, Estados Unidos)<\/li>\n<li style=\"text-align: justify\">Stefanelli, Cristina (Sophia Consulting &amp; Roma It)\u00a0 \u00a0<\/li>\n<li style=\"text-align: justify\">Strachan Rebbecca (Northumbria University, Reino Unido)<\/li>\n<li style=\"text-align: justify\">Umaschi Bers, Marina (Tufts University, Estados Unidos)\u00a0<\/li>\n<li style=\"text-align: justify\">Verbert Katrien (Ku Leuven, B\u00e9lgica)\u00a0<\/li>\n<li style=\"text-align: justify\">Vi\u00f1uales Gutti\u00e9rrez, Javier (Difundi, Espa\u00f1a)<\/li>\n<li style=\"text-align: justify\">Weicht, Rebecca (Bantani Education, B\u00e9lgica)<\/li>\n<li style=\"text-align: justify\">White, Su (University of Southampton, Reino Unido)<\/li>\n<li style=\"text-align: justify\">Y\u00e1nez Vilanova, Pau (Universitat Oberta de Catalunya -UOC- Catalu\u00f1a)<\/li>\n<\/ul>[\/et_pb_text][\/et_pb_column][\/et_pb_row][\/et_pb_section]\n","protected":false},"excerpt":{"rendered":"<p>Aguilar Alonso, Igor (Universidad Nacional Mayor de San Marcos -UNMSM- Per\u00fa) Aguilar Tamayo, Manuel Francisco (Universidad Aut\u00f3noma del Estado de Morelos -UAEM- M\u00e9xico) Aleven, Vicent (Carnelly Melon University -CMU- Estados Unidos) Aller Arias, Gonzalo (Makers Kreitek, Espa\u00f1a)\u00a0 Alonso Sainz, Tania (Smartick) Amo Filva, Daniel (Escoles Minguella) Arnab, Sylvester (Coventry University, Reino Unido) Bacigalupo, Margherita (Institute [&hellip;]<\/p>\n","protected":false},"author":82,"featured_media":0,"parent":0,"menu_order":0,"comment_status":"closed","ping_status":"closed","template":"","meta":{"_et_pb_use_builder":"on","_et_pb_old_content":"","_et_gb_content_width":"","footnotes":""},"class_list":["post-2297","page","type-page","status-publish","hentry"],"_links":{"self":[{"href":"https:\/\/emadridnet.uc3m.es\/en\/wp-json\/wp\/v2\/pages\/2297","targetHints":{"allow":["GET"]}}],"collection":[{"href":"https:\/\/emadridnet.uc3m.es\/en\/wp-json\/wp\/v2\/pages"}],"about":[{"href":"https:\/\/emadridnet.uc3m.es\/en\/wp-json\/wp\/v2\/types\/page"}],"author":[{"embeddable":true,"href":"https:\/\/emadridnet.uc3m.es\/en\/wp-json\/wp\/v2\/users\/82"}],"replies":[{"embeddable":true,"href":"https:\/\/emadridnet.uc3m.es\/en\/wp-json\/wp\/v2\/comments?post=2297"}],"version-history":[{"count":3,"href":"https:\/\/emadridnet.uc3m.es\/en\/wp-json\/wp\/v2\/pages\/2297\/revisions"}],"predecessor-version":[{"id":2301,"href":"https:\/\/emadridnet.uc3m.es\/en\/wp-json\/wp\/v2\/pages\/2297\/revisions\/2301"}],"wp:attachment":[{"href":"https:\/\/emadridnet.uc3m.es\/en\/wp-json\/wp\/v2\/media?parent=2297"}],"curies":[{"name":"wp","href":"https:\/\/api.w.org\/{rel}","templated":true}]}}